{"id":1542,"date":"2020-08-28T11:39:32","date_gmt":"2020-08-28T11:39:32","guid":{"rendered":"https:\/\/karumresidence.com.tr\/?page_id=1542"},"modified":"2021-07-28T09:55:37","modified_gmt":"2021-07-28T09:55:37","slug":"iletisim","status":"publish","type":"page","link":"https:\/\/karumresidence.com.tr\/?page_id=1542","title":{"rendered":"\u0130leti\u015fim"},"content":{"rendered":"\n\t<section class=\"section dark\" id=\"section_556049525\">\n\t\t<div class=\"bg section-bg fill bg-fill  \" >\n\n\t\t\t\n\t\t\t<div class=\"section-bg-overlay absolute fill\"><\/div>\n\t\t\t\n\n\t\t<\/div>\n\n\t\t\n\n\t\t<div class=\"section-content relative\">\n\t\t\t\n\n<div class=\"row\"  id=\"row-1221034256\">\n\n\n\t<div id=\"col-239655387\" class=\"col small-12 large-12\"  >\n\t\t\t\t<div class=\"col-inner text-center\"  >\n\t\t\t\n\t\t\t\n\n<h1 style=\"font-size: 200%;\"><span style=\"font-size: 150%;\">\u0130leti\u015fim<\/span><\/h1>\n<p><span style=\"font-size: 130%;\">G\u00fcncel telefon ve adres bilgilerimize ula\u015fabilirsiniz.<\/span><\/p>\n\n\t\t<\/div>\n\t\t\t\t\n<style>\n#col-239655387 > .col-inner {\n  padding: 20px 0px 0px 0px;\n}\n<\/style>\n\t<\/div>\n\n\t\n\n<\/div>\n\n\t\t<\/div>\n\n\t\t\n<style>\n#section_556049525 {\n  padding-top: 140px;\n  padding-bottom: 140px;\n  background-color: rgb(40, 40, 40);\n}\n#section_556049525 .section-bg-overlay {\n  background-color: rgba(0, 0, 0, 0.395);\n}\n#section_556049525 .section-bg.bg-loaded {\n  background-image: url(https:\/\/karumresidence.com.tr\/wp-content\/uploads\/2021\/05\/Karum-Residence-1.jpg);\n}\n#section_556049525 .section-bg {\n  background-position: 44% 96%;\n}\n#section_556049525 .ux-shape-divider--top svg {\n  height: 150px;\n  --divider-top-width: 100%;\n}\n#section_556049525 .ux-shape-divider--bottom svg {\n  height: 150px;\n  --divider-width: 100%;\n}\n<\/style>\n\t<\/section>\n\t\n\t<section class=\"section\" id=\"section_1414857228\">\n\t\t<div class=\"bg section-bg fill bg-fill  bg-loaded\" >\n\n\t\t\t\n\t\t\t\n\t\t\t\n\n\t\t<\/div>\n\n\t\t\n\n\t\t<div class=\"section-content relative\">\n\t\t\t\n\n<div class=\"row\"  id=\"row-975945007\">\n\n\n\t<div id=\"col-1694850343\" class=\"col small-12 large-12\"  >\n\t\t\t\t<div class=\"col-inner\"  >\n\t\t\t\n\t\t\t\n\n<div class=\"row align-equal\"  id=\"row-289264865\">\n\n\n\t<div id=\"col-236609350\" class=\"col medium-4 small-12 large-4\"  >\n\t\t\t\t<div class=\"col-inner text-center\"  >\n\t\t\t\n\t\t\t\n\n\n\t\t<div class=\"icon-box featured-box icon-box-center text-center\"  >\n\t\t\t\t\t<div class=\"icon-box-img\" style=\"width: 49px\">\n\t\t\t\t<div class=\"icon\">\n\t\t\t\t\t<div class=\"icon-inner\" style=\"color:rgb(0, 0, 0);\">\n\t\t\t\t\t\t<svg height=\"512\" viewBox=\"0 0 58 58\" width=\"512\" xmlns=\"http:\/\/www.w3.org\/2000\/svg\"><g id=\"Page-1\" fill=\"none\" fill-rule=\"evenodd\"><g id=\"003---Call\" fill=\"rgb(0,0,0)\" fill-rule=\"nonzero\" transform=\"translate(-1)\"><path id=\"Shape\" d=\"m25.017 33.983c-5.536-5.536-6.786-11.072-7.068-13.29-.0787994-.6132828.1322481-1.2283144.571-1.664l4.48-4.478c.6590136-.6586066.7759629-1.685024.282-2.475l-7.133-11.076c-.5464837-.87475134-1.6685624-1.19045777-2.591-.729l-11.451 5.393c-.74594117.367308-1.18469338 1.15985405-1.1 1.987.6 5.7 3.085 19.712 16.855 33.483s27.78 16.255 33.483 16.855c.827146.0846934 1.619692-.3540588 1.987-1.1l5.393-11.451c.4597307-.9204474.146114-2.0395184-.725-2.587l-11.076-7.131c-.7895259-.4944789-1.8158967-.3783642-2.475.28l-4.478 4.48c-.4356856.4387519-1.0507172.6497994-1.664.571-2.218-.282-7.754-1.532-13.29-7.068z\"\/><path id=\"Shape\" d=\"m47 31c-1.1045695 0-2-.8954305-2-2-.0093685-8.2803876-6.7196124-14.9906315-15-15-1.1045695 0-2-.8954305-2-2s.8954305-2 2-2c10.4886126.0115735 18.9884265 8.5113874 19 19 0 1.1045695-.8954305 2-2 2z\"\/><path id=\"Shape\" d=\"m57 31c-1.1045695 0-2-.8954305-2-2-.0154309-13.800722-11.199278-24.9845691-25-25-1.1045695 0-2-.8954305-2-2s.8954305-2 2-2c16.008947.01763587 28.9823641 12.991053 29 29 0 .530433-.2107137 1.0391408-.5857864 1.4142136-.3750728.3750727-.8837806.5857864-1.4142136.5857864z\"\/><\/g><\/g><\/svg>\t\t\t\t\t<\/div>\n\t\t\t\t<\/div>\n\t\t\t<\/div>\n\t\t\t\t<div class=\"icon-box-text last-reset\">\n\t\t\t\t\t\t\t\t\t\n\n<h5 class=\"heading\">TELEFON<\/h5>\n<p>\u00c7al\u0131\u015fma Saatleri: Pazartesi-Pazar, 09:00 &#8211; 19:00<\/p>\n\t<div id=\"gap-288749899\" class=\"gap-element clearfix\" style=\"display:block; height:auto;\">\n\t\t\n<style>\n#gap-288749899 {\n  padding-top: 20px;\n}\n<\/style>\n\t<\/div>\n\t\n\n<a href=\"tel:03525020117\" target=\"_self\" class=\"button primary expand\"  >\n  <i class=\"icon-phone\" aria-hidden=\"true\" ><\/i>  <span>0352 502 01 17<\/span>\n  <\/a>\n\n\n\n\t\t<\/div>\n\t<\/div>\n\t\n\t\n\n\t\t<\/div>\n\t\t\t\t\t<\/div>\n\n\t\n\n\t<div id=\"col-195813361\" class=\"col medium-4 small-12 large-4\"  >\n\t\t\t\t<div class=\"col-inner text-center\"  >\n\t\t\t\n\t\t\t\n\n\n\t\t<div class=\"icon-box featured-box icon-box-center text-center\"  >\n\t\t\t\t\t<div class=\"icon-box-img\" style=\"width: 49px\">\n\t\t\t\t<div class=\"icon\">\n\t\t\t\t\t<div class=\"icon-inner\" style=\"color:rgb(0, 0, 0);\">\n\t\t\t\t\t\t<svg height=\"682pt\" viewBox=\"-119 -21 682 682.66669\" width=\"682pt\" xmlns=\"http:\/\/www.w3.org\/2000\/svg\"><path d=\"m216.210938 0c-122.664063 0-222.460938 99.796875-222.460938 222.460938 0 154.175781 222.679688 417.539062 222.679688 417.539062s222.242187-270.945312 222.242187-417.539062c0-122.664063-99.792969-222.460938-222.460937-222.460938zm67.121093 287.597656c-18.507812 18.503906-42.8125 27.757813-67.121093 27.757813-24.304688 0-48.617188-9.253907-67.117188-27.757813-37.011719-37.007812-37.011719-97.226562 0-134.238281 17.921875-17.929687 41.761719-27.804687 67.117188-27.804687 25.355468 0 49.191406 9.878906 67.121093 27.804687 37.011719 37.011719 37.011719 97.230469 0 134.238281zm0 0\"\/><\/svg>\t\t\t\t\t<\/div>\n\t\t\t\t<\/div>\n\t\t\t<\/div>\n\t\t\t\t<div class=\"icon-box-text last-reset\">\n\t\t\t\t\t\t\t\t\t\n\n<h5 class=\"heading\">ADRES<\/h5>\n<p>Mevlana Mah. Mehmet Timu\u00e7in Cad. No: 2 Talas \/ Kayseri<\/p>\n\t<div id=\"gap-1077110045\" class=\"gap-element clearfix\" style=\"display:block; height:auto;\">\n\t\t\n<style>\n#gap-1077110045 {\n  padding-top: 20px;\n}\n<\/style>\n\t<\/div>\n\t\n\n\n\t\t<\/div>\n\t<\/div>\n\t\n\t\n<a class=\"button primary lowercase expand\"  >\n  <i class=\"icon-map-pin-fill\" aria-hidden=\"true\" ><\/i>  <span>Yol Tarifi Al<\/span>\n  <\/a>\n\n\n\n\t\t<\/div>\n\t\t\t\t\t<\/div>\n\n\t\n\n\t<div id=\"col-788549081\" class=\"col medium-4 small-12 large-4\"  >\n\t\t\t\t<div class=\"col-inner text-center\"  >\n\t\t\t\n\t\t\t\n\n\n\t\t<div class=\"icon-box featured-box icon-box-center text-center\"  >\n\t\t\t\t\t<div class=\"icon-box-img\" style=\"width: 49px\">\n\t\t\t\t<div class=\"icon\">\n\t\t\t\t\t<div class=\"icon-inner\" style=\"color:rgb(0, 0, 0);\">\n\t\t\t\t\t\t<?xml version=\"1.0\" encoding=\"iso-8859-1\"?>\r\n<!-- Generator: Adobe Illustrator 19.0.0, SVG Export Plug-In . SVG Version: 6.00 Build 0)  -->\r\n<svg version=\"1.1\" id=\"Capa_1\" xmlns=\"http:\/\/www.w3.org\/2000\/svg\" xmlns:xlink=\"http:\/\/www.w3.org\/1999\/xlink\" x=\"0px\" y=\"0px\"\r\n\t viewBox=\"0 0 512 512\" style=\"enable-background:new 0 0 512 512;\" xml:space=\"preserve\">\r\n<g>\r\n\t<g>\r\n\t\t<path d=\"M507.49,101.721L352.211,256L507.49,410.279c2.807-5.867,4.51-12.353,4.51-19.279V121\r\n\t\t\tC512,114.073,510.297,107.588,507.49,101.721z\"\/>\r\n\t<\/g>\r\n<\/g>\r\n<g>\r\n\t<g>\r\n\t\t<path d=\"M467,76H45c-6.927,0-13.412,1.703-19.279,4.51l198.463,197.463c17.548,17.548,46.084,17.548,63.632,0L486.279,80.51\r\n\t\t\tC480.412,77.703,473.927,76,467,76z\"\/>\r\n\t<\/g>\r\n<\/g>\r\n<g>\r\n\t<g>\r\n\t\t<path d=\"M4.51,101.721C1.703,107.588,0,114.073,0,121v270c0,6.927,1.703,13.413,4.51,19.279L159.789,256L4.51,101.721z\"\/>\r\n\t<\/g>\r\n<\/g>\r\n<g>\r\n\t<g>\r\n\t\t<path d=\"M331,277.211l-21.973,21.973c-29.239,29.239-76.816,29.239-106.055,0L181,277.211L25.721,431.49\r\n\t\t\tC31.588,434.297,38.073,436,45,436h422c6.927,0,13.412-1.703,19.279-4.51L331,277.211z\"\/>\r\n\t<\/g>\r\n<\/g>\r\n<g>\r\n<\/g>\r\n<g>\r\n<\/g>\r\n<g>\r\n<\/g>\r\n<g>\r\n<\/g>\r\n<g>\r\n<\/g>\r\n<g>\r\n<\/g>\r\n<g>\r\n<\/g>\r\n<g>\r\n<\/g>\r\n<g>\r\n<\/g>\r\n<g>\r\n<\/g>\r\n<g>\r\n<\/g>\r\n<g>\r\n<\/g>\r\n<g>\r\n<\/g>\r\n<g>\r\n<\/g>\r\n<g>\r\n<\/g>\r\n<\/svg>\r\n\t\t\t\t\t<\/div>\n\t\t\t\t<\/div>\n\t\t\t<\/div>\n\t\t\t\t<div class=\"icon-box-text last-reset\">\n\t\t\t\t\t\t\t\t\t\n\n<h5 class=\"heading\">E-POSTA G\u00d6NDERIN<\/h5>\n<p>Firmam\u0131za e-posta ile g\u00f6r\u00fc\u015flerinizi bildirebilirsiniz.<\/p>\n\t<div id=\"gap-841651724\" class=\"gap-element clearfix\" style=\"display:block; height:auto;\">\n\t\t\n<style>\n#gap-841651724 {\n  padding-top: 20px;\n}\n<\/style>\n\t<\/div>\n\t\n\n<a href=\"mailto:%20info@karumresidence.com\" target=\"_self\" class=\"button primary lowercase expand\"  >\n    <span>info@karumresidence.com<\/span>\n  <\/a>\n\n\n\n\t\t<\/div>\n\t<\/div>\n\t\n\t\n\n\t\t<\/div>\n\t\t\t\t\t<\/div>\n\n\t\n\n\t<div id=\"col-1887618340\" class=\"col small-12 large-12\"  >\n\t\t\t\t<div class=\"col-inner text-center\" style=\"background-color:rgb(255,255,255);\" >\n\t\t\t\n\t\t\t\n\n<div class=\"elementor-element elementor-element-147a838 elementor-widget elementor-widget-text-editor\" data-id=\"147a838\" data-element_type=\"widget\" data-widget_type=\"text-editor.default\">\n<div class=\"elementor-widget-container\">\n<div class=\"elementor-text-editor elementor-clearfix\">\n<h1>\u00dccretsiz \u0130leti\u015fim Formu<\/h1>\n<p>Merak etti\u011finiz her \u015fey i\u00e7in bir form uza\u011f\u0131n\u0131zday\u0131z.&nbsp;<\/p>\n<\/div>\n<\/div>\n<\/div>\n<div class=\"is-divider divider clearfix\" ><\/div>\n\n<div class=\"row align-center\"  id=\"row-309850753\">\n\n\n\t<div id=\"col-510458758\" class=\"col medium-11 small-12 large-9\"  >\n\t\t\t\t<div class=\"col-inner text-left\"  >\n\t\t\t\n\t\t\t\n\n<div role=\"form\" class=\"wpcf7\" id=\"wpcf7-f1351-o1\" lang=\"en-US\" dir=\"ltr\">\n<div class=\"screen-reader-response\"><p role=\"status\" aria-live=\"polite\" aria-atomic=\"true\"><\/p> <ul><\/ul><\/div>\n<form action=\"\/index.php?rest_route=%2Fwp%2Fv2%2Fpages%2F1542#wpcf7-f1351-o1\" method=\"post\" class=\"wpcf7-form init\" novalidate=\"novalidate\" data-status=\"init\">\n<div style=\"display: none;\">\n<input type=\"hidden\" name=\"_wpcf7\" value=\"1351\" \/>\n<input type=\"hidden\" name=\"_wpcf7_version\" value=\"5.4.1\" \/>\n<input type=\"hidden\" name=\"_wpcf7_locale\" value=\"en_US\" \/>\n<input type=\"hidden\" name=\"_wpcf7_unit_tag\" value=\"wpcf7-f1351-o1\" \/>\n<input type=\"hidden\" name=\"_wpcf7_container_post\" value=\"0\" \/>\n<input type=\"hidden\" name=\"_wpcf7_posted_data_hash\" value=\"\" \/>\n<\/div>\n<p><label> Ad\u0131n\u0131z (*)<br \/>\n    <span class=\"wpcf7-form-control-wrap your-name\"><input type=\"text\" name=\"your-name\" value=\"\" size=\"40\" class=\"wpcf7-form-control wpcf7-text wpcf7-validates-as-required\" aria-required=\"true\" aria-invalid=\"false\" \/><\/span> <\/label><\/p>\n<p><label> Telefon Numaran\u0131z  (*)<br \/>\n    <span class=\"wpcf7-form-control-wrap tel-117\"><input type=\"tel\" name=\"tel-117\" value=\"\" size=\"40\" class=\"wpcf7-form-control wpcf7-text wpcf7-tel wpcf7-validates-as-required wpcf7-validates-as-tel\" aria-required=\"true\" aria-invalid=\"false\" \/><\/span> <\/label><\/p>\n<p><label> Eklemek \u0130stedikleriniz<br \/>\n    <span class=\"wpcf7-form-control-wrap your-message\"><textarea name=\"your-message\" cols=\"40\" rows=\"10\" class=\"wpcf7-form-control wpcf7-textarea\" aria-invalid=\"false\"><\/textarea><\/span> <\/label><\/p>\n<p><input type=\"submit\" value=\"Beni Aray\u0131n\" class=\"wpcf7-form-control wpcf7-submit\" \/><\/p>\n<div class=\"wpcf7-response-output\" aria-hidden=\"true\"><\/div><\/form><\/div>\n\n\n\t\t<\/div>\n\t\t\t\t\t<\/div>\n\n\t\n\n<\/div>\n\n\t\t<\/div>\n\t\t\t\t\t<\/div>\n\n\t\n\n\t<div id=\"col-907449099\" class=\"col small-12 large-12\"  >\n\t\t\t\t<div class=\"col-inner text-left\"  >\n\t\t\t\n\t\t\t\n\n<p><iframe src=\"https:\/\/www.google.com\/maps\/embed?pb=!1m18!1m12!1m3!1d3113.417919519053!2d35.55345531534482!3d38.70821297960041!2m3!1f0!2f0!3f0!3m2!1i1024!2i768!4f13.1!3m3!1m2!1s0x152b12b7e5550451%3A0x673af2c2c7b5d408!2sMevlana%2C%20Mehmet%20Timu%C3%A7in%20Cd.%20No%3A2%2C%2038280%20Talas%2FKayseri!5e0!3m2!1str!2str!4v1620379997278!5m2!1str!2str\" width=\"1920\" height=\"450\" style=\"border:0;\" allowfullscreen=\"\" loading=\"lazy\"><\/iframe><\/p>\n\n\t\t<\/div>\n\t\t\t\t\t<\/div>\n\n\t\n\n\n<style>\n#row-289264865 > .col > .col-inner {\n  padding: 40px 40px 40px 40px;\n  background-color: rgb(255,255,255);\n}\n<\/style>\n<\/div>\n\n\t\t<\/div>\n\t\t\t\t\n<style>\n#col-1694850343 > .col-inner {\n  margin: -100px 0px 0px 0px;\n}\n<\/style>\n\t<\/div>\n\n\t\n\n<\/div>\n\n\t\t<\/div>\n\n\t\t\n<style>\n#section_1414857228 {\n  padding-top: 30px;\n  padding-bottom: 30px;\n  background-color: rgb(244, 244, 244);\n}\n#section_1414857228 .ux-shape-divider--top svg {\n  height: 150px;\n  --divider-top-width: 100%;\n}\n#section_1414857228 .ux-shape-divider--bottom svg {\n  height: 150px;\n  --divider-width: 100%;\n}\n<\/style>\n\t<\/section>\n\t\n\n","protected":false},"excerpt":{"rendered":"","protected":false},"author":1,"featured_media":0,"parent":0,"menu_order":0,"comment_status":"closed","ping_status":"closed","template":"page-blank.php","meta":{"_joinchat":[],"footnotes":""},"class_list":["post-1542","page","type-page","status-publish","hentry"],"_links":{"self":[{"href":"https:\/\/karumresidence.com.tr\/index.php?rest_route=\/wp\/v2\/pages\/1542","targetHints":{"allow":["GET"]}}],"collection":[{"href":"https:\/\/karumresidence.com.tr\/index.php?rest_route=\/wp\/v2\/pages"}],"about":[{"href":"https:\/\/karumresidence.com.tr\/index.php?rest_route=\/wp\/v2\/types\/page"}],"author":[{"embeddable":true,"href":"https:\/\/karumresidence.com.tr\/index.php?rest_route=\/wp\/v2\/users\/1"}],"replies":[{"embeddable":true,"href":"https:\/\/karumresidence.com.tr\/index.php?rest_route=%2Fwp%2Fv2%2Fcomments&post=1542"}],"version-history":[{"count":6,"href":"https:\/\/karumresidence.com.tr\/index.php?rest_route=\/wp\/v2\/pages\/1542\/revisions"}],"predecessor-version":[{"id":3868,"href":"https:\/\/karumresidence.com.tr\/index.php?rest_route=\/wp\/v2\/pages\/1542\/revisions\/3868"}],"wp:attachment":[{"href":"https:\/\/karumresidence.com.tr\/index.php?rest_route=%2Fwp%2Fv2%2Fmedia&parent=1542"}],"curies":[{"name":"wp","href":"https:\/\/api.w.org\/{rel}","templated":true}]}}