{"id":3682,"date":"2021-05-07T08:35:13","date_gmt":"2021-05-07T08:35:13","guid":{"rendered":"https:\/\/karumresidence.com.tr\/?page_id=3682"},"modified":"2021-08-23T07:57:15","modified_gmt":"2021-08-23T07:57:15","slug":"hakkimizda","status":"publish","type":"page","link":"https:\/\/karumresidence.com.tr\/?page_id=3682","title":{"rendered":"Hakk\u0131m\u0131zda"},"content":{"rendered":"\n\t<section class=\"section dark has-parallax\" id=\"section_1585045807\">\n\t\t<div class=\"bg section-bg fill bg-fill  \" data-parallax-container=\".section\" data-parallax-background data-parallax=\"-7\">\n\n\t\t\t\n\t\t\t<div class=\"section-bg-overlay absolute fill\"><\/div>\n\t\t\t\n\n\t\t<\/div>\n\n\t\t\n\n\t\t<div class=\"section-content relative\">\n\t\t\t\n\n\t<div id=\"gap-1645122213\" class=\"gap-element clearfix\" style=\"display:block; height:auto;\">\n\t\t\n<style>\n#gap-1645122213 {\n  padding-top: 30px;\n}\n<\/style>\n\t<\/div>\n\t\n\n<div class=\"row align-center\"  id=\"row-1062728247\">\n\n\n\t<div id=\"col-1613617163\" class=\"col medium-10 small-12 large-9\"  >\n\t\t\t\t<div class=\"col-inner text-center\"  >\n\t\t\t\n\t\t\t\n\n<h1><span style=\"font-size: 200%;\">Hakk\u0131m\u0131zda<\/span><\/h1>\n<p class=\"lead\">Kayseri&#8217;deki s\u0131cak yuvan\u0131z&#8230;<\/p>\n\n\t\t<\/div>\n\t\t\t\t\t<\/div>\n\n\t\n\n<\/div>\n\n\t\t<\/div>\n\n\t\t\n<style>\n#section_1585045807 {\n  padding-top: 30px;\n  padding-bottom: 30px;\n  min-height: 500px;\n}\n#section_1585045807 .section-bg-overlay {\n  background-color: rgba(0, 0, 0, 0.15);\n}\n#section_1585045807 .section-bg.bg-loaded {\n  background-image: url(https:\/\/karumresidence.com.tr\/wp-content\/uploads\/2021\/05\/1.jpg);\n}\n#section_1585045807 .section-bg {\n  background-position: 6% 15%;\n}\n#section_1585045807 .ux-shape-divider--top svg {\n  height: 150px;\n  --divider-top-width: 100%;\n}\n#section_1585045807 .ux-shape-divider--bottom svg {\n  height: 150px;\n  --divider-width: 100%;\n}\n@media (min-width:550px) {\n  #section_1585045807 {\n    min-height: 400px;\n  }\n  #section_1585045807 .section-bg-overlay {\n    background-color: rgba(0, 0, 0, 0.09);\n  }\n}\n@media (min-width:850px) {\n  #section_1585045807 .section-bg-overlay {\n    background-color: rgba(0, 0, 0, 0.465);\n  }\n}\n<\/style>\n\t<\/section>\n\t\n\t<section class=\"section\" id=\"section_1162200205\">\n\t\t<div class=\"bg section-bg fill bg-fill  bg-loaded\" >\n\n\t\t\t\n\t\t\t\n\t\t\t\n\n\t\t<\/div>\n\n\t\t\n\n\t\t<div class=\"section-content relative\">\n\t\t\t\n\n\t<div id=\"gap-911153513\" class=\"gap-element clearfix\" style=\"display:block; height:auto;\">\n\t\t\n<style>\n#gap-911153513 {\n  padding-top: 30px;\n}\n<\/style>\n\t<\/div>\n\t\n\n<div class=\"row align-center\"  id=\"row-118209248\">\n\n\n\t<div id=\"col-824780679\" class=\"col medium-10 small-12 large-9\"  >\n\t\t\t\t<div class=\"col-inner text-center\"  >\n\t\t\t\n\t\t\t\n\n<h6>Kayseri&#8217;de&nbsp;<\/h6>\n<h2><span style=\"font-size: 150%;\">Huzurlu Bir Ya\u015fam<\/span><\/h2>\n<p>Kendinizi g\u00fcvende ve de en \u00f6nemlisi&nbsp; evinizde hissedebilece\u011finiz bir ya\u015fam alan\u0131 olu\u015fturmak i\u00e7in t\u00fcm detaylar sizler i\u00e7in d\u00fc\u015f\u00fcn\u00fclm\u00fc\u015ft\u00fcr. Modern \u00e7izgiler ta\u015f\u0131yan odalar\u0131m\u0131z, t\u00fcm ihtiya\u00e7lar\u0131n\u0131z\u0131 kar\u015f\u0131layacak kalitede ve g\u00fcvende tasarlanm\u0131\u015f olup, bu y\u00fczden \u00fclkemizin \u00f6nde gelen markalar\u0131 tercih edilmi\u015ftir.<\/p>\n\n\t\t<\/div>\n\t\t\t\t\t<\/div>\n\n\t\n\n<\/div>\n\n\t\t<\/div>\n\n\t\t\n<style>\n#section_1162200205 {\n  padding-top: 80px;\n  padding-bottom: 80px;\n}\n#section_1162200205 .ux-shape-divider--top svg {\n  height: 150px;\n  --divider-top-width: 100%;\n}\n#section_1162200205 .ux-shape-divider--bottom svg {\n  height: 150px;\n  --divider-width: 100%;\n}\n<\/style>\n\t<\/section>\n\t\n\t<section class=\"section\" id=\"section_710824368\">\n\t\t<div class=\"bg section-bg fill bg-fill  bg-loaded\" >\n\n\t\t\t\n\t\t\t\n\t\t\t\n\n\t\t<\/div>\n\n\t\t\n\n\t\t<div class=\"section-content relative\">\n\t\t\t\n\n<div class=\"row row-large align-middle align-center\" style=\"max-width:1400px\" id=\"row-1901288000\">\n\n\n\t<div id=\"col-586139056\" class=\"col medium-9 small-12 large-6\"  >\n\t\t\t\t<div class=\"col-inner\"  >\n\t\t\t\n\t\t\t\n\n\n  <div class=\"banner has-hover\" id=\"banner-461290786\">\n          <div class=\"banner-inner fill\">\n        <div class=\"banner-bg fill\" >\n            <div class=\"bg fill bg-fill \"><\/div>\n                                    \n                    <\/div>\n\t\t\n        <div class=\"banner-layers container\">\n            <div class=\"fill banner-link\"><\/div>            \n\n   <div id=\"text-box-1822321009\" class=\"text-box banner-layer x50 md-x50 lg-x50 y50 md-y50 lg-y50 res-text\">\n                                <div class=\"text-box-content text dark\">\n              \n              <div class=\"text-inner text-center\">\n                  \n\n\n              <\/div>\n           <\/div>\n                            \n<style>\n#text-box-1822321009 {\n  width: 60%;\n}\n#text-box-1822321009 .text-box-content {\n  font-size: 100%;\n}\n@media (min-width:550px) {\n  #text-box-1822321009 {\n    width: 60%;\n  }\n}\n<\/style>\n    <\/div>\n \n\n        <\/div>\n      <\/div>\n\n            \n<style>\n#banner-461290786 {\n  padding-top: 300px;\n}\n#banner-461290786 .bg.bg-loaded {\n  background-image: url(https:\/\/karumresidence.com.tr\/wp-content\/uploads\/2021\/05\/karum-ofis.jpeg);\n}\n#banner-461290786 .bg {\n  background-position: 34% 90%;\n}\n#banner-461290786 .ux-shape-divider--top svg {\n  height: 150px;\n  --divider-top-width: 100%;\n}\n#banner-461290786 .ux-shape-divider--bottom svg {\n  height: 150px;\n  --divider-width: 100%;\n}\n@media (min-width:850px) {\n  #banner-461290786 {\n    padding-top: 70%;\n  }\n}\n<\/style>\n  <\/div>\n\n\n\n\t\t<\/div>\n\t\t\t\t\t<\/div>\n\n\t\n\n\t<div id=\"col-407586553\" class=\"col medium-9 small-12 large-6\"  >\n\t\t\t\t<div class=\"col-inner text-left\"  >\n\t\t\t\n\t\t\t\n\n<h3><span style=\"font-size: 160%;\">Neden Karum Residense<\/span><\/h3>\n<ul>\n<li class=\"bullet-arrow\">KARUM RESIDENCE bulundu\u011fu konum itibari ile merkezi ve kolay ula\u015f\u0131ma sahiptir.<\/li>\n<li class=\"bullet-arrow\">Erciyes \u00dcniversitesi, 15 Temmuz Yerle\u015fkesi ve her t\u00fcrl\u00fc sa\u011fl\u0131k hizmeti alabilece\u011finiz hastanelere yak\u0131nd\u0131r.<\/li>\n<li class=\"bullet-arrow\">Ayr\u0131ca \u00e7evresinde, g\u00fczel vakit ge\u00e7irebilece\u011finiz, sosyal aktivitelerinizi ger\u00e7ekle\u015ftirebilece\u011finiz mekanlar ve t\u00fcm ihtiya\u00e7lar\u0131n\u0131z\u0131 kar\u015f\u0131layabilece\u011finiz al\u0131\u015fveri\u015f merkezleri ve marketler bulunmaktad\u0131r.<\/li>\n<li class=\"bullet-arrow\">Residence\u2019\u0131m\u0131z\u0131n bulundu\u011fu Talas \u0130l\u00e7esi modern cafe ve restaurantlar\u0131yla Kayseri\u2019nin geli\u015fen ve yenilenen y\u00fcz\u00fcd\u00fcr.<\/li>\n<\/ul>\n\n\t\t<\/div>\n\t\t\t\t\n<style>\n#col-407586553 > .col-inner {\n  padding: 0px 0px 0px 0px;\n}\n@media (min-width:850px) {\n  #col-407586553 > .col-inner {\n    padding: 0px 50px 0px 50px;\n  }\n}\n<\/style>\n\t<\/div>\n\n\t\n\n<\/div>\n<div class=\"row row-large align-middle align-center\" style=\"max-width:1400px\" id=\"row-874844098\">\n\n\n\t<div id=\"col-994696468\" class=\"col medium-9 small-12 large-6\"  >\n\t\t\t\t<div class=\"col-inner text-left\"  >\n\t\t\t\n\t\t\t\n\n<h3>&nbsp;<\/h3>\n<p>Her t\u00fcrl\u00fc ihtiyac\u0131n\u0131za cevap veren tecr\u00fcbeli y\u00f6netim kadromuzun yan\u0131 s\u0131ra; en son teknoloji ile donat\u0131lm\u0131\u015f kamera ve g\u00fcvenlik sistemleri huzurunuz i\u00e7in 7\/24 hizmetinizdedir.<\/p>\n<a rel=\"noopener noreferrer\" href=\"#\" target=\"_blank\" class=\"button secondary is-outline box-shadow-1-hover\"  >\n    <span>\u0130leti\u015fim<\/span>\n  <i class=\"icon-angle-right\" aria-hidden=\"true\" ><\/i><\/a>\n\n\n\n\t\t<\/div>\n\t\t\t\t\n<style>\n#col-994696468 > .col-inner {\n  padding: 0px 0px 0px 0px;\n}\n@media (min-width:850px) {\n  #col-994696468 > .col-inner {\n    padding: 0px 50px 0px 50px;\n  }\n}\n<\/style>\n\t<\/div>\n\n\t\n\n\t<div id=\"col-905473914\" class=\"col medium-9 small-12 large-6 medium-col-first\"  >\n\t\t\t\t<div class=\"col-inner\"  >\n\t\t\t\n\t\t\t\n\n\n  <div class=\"banner has-hover\" id=\"banner-1918807397\">\n          <div class=\"banner-inner fill\">\n        <div class=\"banner-bg fill\" >\n            <div class=\"bg fill bg-fill \"><\/div>\n                                    \n                    <\/div>\n\t\t\n        <div class=\"banner-layers container\">\n            <div class=\"fill banner-link\"><\/div>            \n\n   <div id=\"text-box-1471267665\" class=\"text-box banner-layer x50 md-x50 lg-x50 y50 md-y50 lg-y50 res-text\">\n                                <div class=\"text-box-content text dark\">\n              \n              <div class=\"text-inner text-center\">\n                  \n\n\n              <\/div>\n           <\/div>\n                            \n<style>\n#text-box-1471267665 {\n  width: 60%;\n}\n#text-box-1471267665 .text-box-content {\n  font-size: 100%;\n}\n@media (min-width:550px) {\n  #text-box-1471267665 {\n    width: 60%;\n  }\n}\n<\/style>\n    <\/div>\n \n\n        <\/div>\n      <\/div>\n\n            \n<style>\n#banner-1918807397 {\n  padding-top: 300px;\n}\n#banner-1918807397 .bg.bg-loaded {\n  background-image: url(https:\/\/karumresidence.com.tr\/wp-content\/uploads\/2021\/05\/Karum-Residence-I\u0307c\u0327-Mekan.jpeg);\n}\n#banner-1918807397 .bg {\n  background-position: 48% 68%;\n}\n#banner-1918807397 .ux-shape-divider--top svg {\n  height: 150px;\n  --divider-top-width: 100%;\n}\n#banner-1918807397 .ux-shape-divider--bottom svg {\n  height: 150px;\n  --divider-width: 100%;\n}\n@media (min-width:850px) {\n  #banner-1918807397 {\n    padding-top: 70%;\n  }\n}\n<\/style>\n  <\/div>\n\n\n\n\t\t<\/div>\n\t\t\t\t\t<\/div>\n\n\t\n\n<\/div>\n\t<div id=\"gap-1050396441\" class=\"gap-element clearfix\" style=\"display:block; height:auto;\">\n\t\t\n<style>\n#gap-1050396441 {\n  padding-top: 100px;\n}\n<\/style>\n\t<\/div>\n\t\n\n\n\t\t<\/div>\n\n\t\t\n<style>\n#section_710824368 {\n  padding-top: 0px;\n  padding-bottom: 0px;\n}\n#section_710824368 .ux-shape-divider--top svg {\n  height: 150px;\n  --divider-top-width: 100%;\n}\n#section_710824368 .ux-shape-divider--bottom svg {\n  height: 150px;\n  --divider-width: 100%;\n}\n<\/style>\n\t<\/section>\n\t\n\n","protected":false},"excerpt":{"rendered":"","protected":false},"author":1,"featured_media":0,"parent":0,"menu_order":0,"comment_status":"closed","ping_status":"closed","template":"page-blank.php","meta":{"_joinchat":[],"footnotes":""},"class_list":["post-3682","page","type-page","status-publish","hentry"],"_links":{"self":[{"href":"https:\/\/karumresidence.com.tr\/index.php?rest_route=\/wp\/v2\/pages\/3682","targetHints":{"allow":["GET"]}}],"collection":[{"href":"https:\/\/karumresidence.com.tr\/index.php?rest_route=\/wp\/v2\/pages"}],"about":[{"href":"https:\/\/karumresidence.com.tr\/index.php?rest_route=\/wp\/v2\/types\/page"}],"author":[{"embeddable":true,"href":"https:\/\/karumresidence.com.tr\/index.php?rest_route=\/wp\/v2\/users\/1"}],"replies":[{"embeddable":true,"href":"https:\/\/karumresidence.com.tr\/index.php?rest_route=%2Fwp%2Fv2%2Fcomments&post=3682"}],"version-history":[{"count":4,"href":"https:\/\/karumresidence.com.tr\/index.php?rest_route=\/wp\/v2\/pages\/3682\/revisions"}],"predecessor-version":[{"id":4056,"href":"https:\/\/karumresidence.com.tr\/index.php?rest_route=\/wp\/v2\/pages\/3682\/revisions\/4056"}],"wp:attachment":[{"href":"https:\/\/karumresidence.com.tr\/index.php?rest_route=%2Fwp%2Fv2%2Fmedia&parent=3682"}],"curies":[{"name":"wp","href":"https:\/\/api.w.org\/{rel}","templated":true}]}}