{"id":3713,"date":"2021-05-07T10:47:45","date_gmt":"2021-05-07T10:47:45","guid":{"rendered":"https:\/\/karumresidence.com.tr\/?page_id=3713"},"modified":"2021-06-01T14:20:31","modified_gmt":"2021-06-01T14:20:31","slug":"sss","status":"publish","type":"page","link":"https:\/\/karumresidence.com.tr\/?page_id=3713","title":{"rendered":"SSS"},"content":{"rendered":"\n\n  <div class=\"banner has-hover has-parallax\" id=\"banner-1411460109\">\n          <div class=\"banner-inner fill\">\n        <div class=\"banner-bg fill\" data-parallax=\"-4\" data-parallax-container=\".banner\" data-parallax-background>\n            <div class=\"bg fill bg-fill \"><\/div>\n                        <div class=\"overlay\"><\/div>            \n                    <\/div>\n\t\t\n        <div class=\"banner-layers container\">\n            <a class=\"fill\" href=\"Portfolio\"  ><div class=\"fill banner-link\"><\/div><\/a>            \n\n   <div id=\"text-box-13495167\" class=\"text-box banner-layer x50 md-x50 lg-x50 y50 md-y50 lg-y50 res-text\">\n              <div data-parallax=\"-3\" data-parallax-fade=\"true\">       <div data-animate=\"fadeInUp\">           <div class=\"text-box-content text dark text-shadow-1\">\n              \n              <div class=\"text-inner text-center\">\n                  \n\n<h1><span style=\"font-size: 85%;\">S\u0131k\u00e7a Sorulan Sorular<\/span><\/h1>\n\n              <\/div>\n           <\/div>\n       <\/div>       <\/div>              \n<style>\n#text-box-13495167 {\n  width: 100%;\n}\n#text-box-13495167 .text-box-content {\n  font-size: 131%;\n}\n@media (min-width:550px) {\n  #text-box-13495167 {\n    width: 59%;\n  }\n  #text-box-13495167 .text-box-content {\n    font-size: 100%;\n  }\n}\n<\/style>\n    <\/div>\n \n\n        <\/div>\n      <\/div>\n\n            \n<style>\n#banner-1411460109 {\n  padding-top: 83%;\n}\n#banner-1411460109 .bg.bg-loaded {\n  background-image: url(https:\/\/karumresidence.com.tr\/wp-content\/uploads\/2021\/05\/Karum-Residence-4.jpg);\n}\n#banner-1411460109 .overlay {\n  background-color: rgba(0, 0, 0, 0.27);\n}\n#banner-1411460109 .bg {\n  background-position: 50% 74%;\n}\n#banner-1411460109 .ux-shape-divider--top svg {\n  height: 150px;\n  --divider-top-width: 100%;\n}\n#banner-1411460109 .ux-shape-divider--bottom svg {\n  height: 150px;\n  --divider-width: 100%;\n}\n@media (min-width:550px) {\n  #banner-1411460109 {\n    padding-top: 26%;\n  }\n}\n<\/style>\n  <\/div>\n\n\n\t<section class=\"section\" id=\"section_1114261727\">\n\t\t<div class=\"bg section-bg fill bg-fill  bg-loaded\" >\n\n\t\t\t\n\t\t\t\n\t\t\t\n\n\t\t<\/div>\n\n\t\t\n\n\t\t<div class=\"section-content relative\">\n\t\t\t\n\n<div class=\"row\"  id=\"row-631957176\">\n\n\n\t<div id=\"col-44382966\" class=\"col small-12 large-12\"  >\n\t\t\t\t<div class=\"col-inner\"  >\n\t\t\t\n\t\t\t\n\n<div class=\"accordion\">\n\n<div id=\"accordion-1567915513\" class=\"accordion-item\"><a id=\"accordion-1567915513-label\" href=\"#\" class=\"accordion-title plain\" aria-expanded=\"false\" aria-controls=\"accordion-1567915513-content\"><button class=\"toggle\" aria-label=\"Toggle\"><i class=\"icon-angle-down\"><\/i><\/button><span>Check-in ve check-out saatleri nelerdir?<\/span><\/a><div id=\"accordion-1567915513-content\" class=\"accordion-inner\" aria-labelledby=\"accordion-1567915513-label\">\n\n<p>Check-in 11.00 check-out 12.00&#8217;dir. Fakat rezervasyon durumuna g\u00f6re bu konuda elimizden geldi\u011fince yard\u0131mc\u0131 olmaya \u00e7al\u0131\u015f\u0131yoruz.<\/p>\n\n<\/div><\/div>\n<div id=\"accordion-1165721553\" class=\"accordion-item\"><a id=\"accordion-1165721553-label\" href=\"#\" class=\"accordion-title plain\" aria-expanded=\"false\" aria-controls=\"accordion-1165721553-content\"><button class=\"toggle\" aria-label=\"Toggle\"><i class=\"icon-angle-down\"><\/i><\/button><span>Minumum konaklama s\u00fcresi nedir?<\/span><\/a><div id=\"accordion-1165721553-content\" class=\"accordion-inner\" aria-labelledby=\"accordion-1165721553-label\">\n\n<p>En az 15 g\u00fcn konaklayabilirsiniz.<\/p>\n\n<\/div><\/div>\n<div id=\"accordion-1353610268\" class=\"accordion-item\"><a id=\"accordion-1353610268-label\" href=\"#\" class=\"accordion-title plain\" aria-expanded=\"false\" aria-controls=\"accordion-1353610268-content\"><button class=\"toggle\" aria-label=\"Toggle\"><i class=\"icon-angle-down\"><\/i><\/button><span>Karum Residence\u2019de evcil hayvan bulundurabilir miyim?<\/span><\/a><div id=\"accordion-1353610268-content\" class=\"accordion-inner\" aria-labelledby=\"accordion-1353610268-label\">\n\n<p>Maalesef evcil hayvan kabul edilmemektedir. Evcil hayvan ile konaklamay\u0131 planl\u0131yorsan\u0131z, sorun ya\u015famamak i\u00e7in bizimle \u00f6nceden payla\u015fman\u0131z\u0131 \u00f6neririz.<\/p>\n\n<\/div><\/div>\n<div id=\"accordion-3919847175\" class=\"accordion-item\"><a id=\"accordion-3919847175-label\" href=\"#\" class=\"accordion-title plain\" aria-expanded=\"false\" aria-controls=\"accordion-3919847175-content\"><button class=\"toggle\" aria-label=\"Toggle\"><i class=\"icon-angle-down\"><\/i><\/button><span>\u00d6demeyi sadece nakit olarak m\u0131 yapabiliyoruz?<\/span><\/a><div id=\"accordion-3919847175-content\" class=\"accordion-inner\" aria-labelledby=\"accordion-3919847175-label\">\n\n<p>\u00d6demeyi nakit, banka havalesi, kredi kart\u0131 ile yapabilirsiniz.<\/p>\n\n<\/div><\/div>\n<div id=\"accordion-1205993233\" class=\"accordion-item\"><a id=\"accordion-1205993233-label\" href=\"#\" class=\"accordion-title plain\" aria-expanded=\"false\" aria-controls=\"accordion-1205993233-content\"><button class=\"toggle\" aria-label=\"Toggle\"><i class=\"icon-angle-down\"><\/i><\/button><span>Foto\u011fraflar konaklayaca\u011f\u0131m yere ait foto\u011fraflar m\u0131?<\/span><\/a><div id=\"accordion-1205993233-content\" class=\"accordion-inner\" aria-labelledby=\"accordion-1205993233-label\">\n\n<p>Galeri ve daireler b\u00f6l\u00fcm\u00fcndeki foto\u011fraflar tamam\u0131 konaklayaca\u011f\u0131n\u0131z yere aittir.<\/p>\n\n<\/div><\/div>\n<div id=\"accordion-3980659852\" class=\"accordion-item\"><a id=\"accordion-3980659852-label\" href=\"#\" class=\"accordion-title plain\" aria-expanded=\"false\" aria-controls=\"accordion-3980659852-content\"><button class=\"toggle\" aria-label=\"Toggle\"><i class=\"icon-angle-down\"><\/i><\/button><span>Konaklama s\u00fcresince ekstra temizlik hizmeti alabilir miyim?<\/span><\/a><div id=\"accordion-3980659852-content\" class=\"accordion-inner\" aria-labelledby=\"accordion-3980659852-label\">\n\n<p>Dairelerimiz check-in \u00f6ncesi temizlenerek teslim edilmektedir. \u00dccretini \u00f6deyerek konaklaman\u0131z s\u00fcresince de temizlik hizmeti alabilirsiniz.<\/p>\n\n<\/div><\/div>\n<div id=\"accordion-4186165616\" class=\"accordion-item\"><a id=\"accordion-4186165616-label\" href=\"#\" class=\"accordion-title plain\" aria-expanded=\"false\" aria-controls=\"accordion-4186165616-content\"><button class=\"toggle\" aria-label=\"Toggle\"><i class=\"icon-angle-down\"><\/i><\/button><span>Fiyatlara KDV dahil midir?<\/span><\/a><div id=\"accordion-4186165616-content\" class=\"accordion-inner\" aria-labelledby=\"accordion-4186165616-label\">\n\n<p>Fiyatlar\u0131m\u0131za KDV dahildir.<\/p>\n\n<\/div><\/div>\n\n<\/div>\n\n\t\t<\/div>\n\t\t\t\t\t<\/div>\n\n\t\n\n<\/div>\n\n\t\t<\/div>\n\n\t\t\n<style>\n#section_1114261727 {\n  padding-top: 30px;\n  padding-bottom: 30px;\n}\n#section_1114261727 .ux-shape-divider--top svg {\n  height: 150px;\n  --divider-top-width: 100%;\n}\n#section_1114261727 .ux-shape-divider--bottom svg {\n  height: 150px;\n  --divider-width: 100%;\n}\n<\/style>\n\t<\/section>\n\t\n<\/h1>\n\n","protected":false},"excerpt":{"rendered":"","protected":false},"author":1,"featured_media":3718,"parent":0,"menu_order":0,"comment_status":"closed","ping_status":"closed","template":"page-blank.php","meta":{"_joinchat":[],"footnotes":""},"class_list":["post-3713","page","type-page","status-publish","has-post-thumbnail","hentry"],"_links":{"self":[{"href":"https:\/\/karumresidence.com.tr\/index.php?rest_route=\/wp\/v2\/pages\/3713","targetHints":{"allow":["GET"]}}],"collection":[{"href":"https:\/\/karumresidence.com.tr\/index.php?rest_route=\/wp\/v2\/pages"}],"about":[{"href":"https:\/\/karumresidence.com.tr\/index.php?rest_route=\/wp\/v2\/types\/page"}],"author":[{"embeddable":true,"href":"https:\/\/karumresidence.com.tr\/index.php?rest_route=\/wp\/v2\/users\/1"}],"replies":[{"embeddable":true,"href":"https:\/\/karumresidence.com.tr\/index.php?rest_route=%2Fwp%2Fv2%2Fcomments&post=3713"}],"version-history":[{"count":7,"href":"https:\/\/karumresidence.com.tr\/index.php?rest_route=\/wp\/v2\/pages\/3713\/revisions"}],"predecessor-version":[{"id":3861,"href":"https:\/\/karumresidence.com.tr\/index.php?rest_route=\/wp\/v2\/pages\/3713\/revisions\/3861"}],"wp:featuredmedia":[{"embeddable":true,"href":"https:\/\/karumresidence.com.tr\/index.php?rest_route=\/wp\/v2\/media\/3718"}],"wp:attachment":[{"href":"https:\/\/karumresidence.com.tr\/index.php?rest_route=%2Fwp%2Fv2%2Fmedia&parent=3713"}],"curies":[{"name":"wp","href":"https:\/\/api.w.org\/{rel}","templated":true}]}}